{"id":7,"date":"2015-11-06T21:34:15","date_gmt":"2015-11-06T20:34:15","guid":{"rendered":"http:\/\/cacahuete.nexgate.ch\/?page_id=7"},"modified":"2022-06-20T15:07:19","modified_gmt":"2022-06-20T14:07:19","slug":"equipement","status":"publish","type":"page","link":"https:\/\/www.lacacahuete.ch\/index.php\/equipement\/","title":{"rendered":"\u00c9quipement"},"content":{"rendered":"<h2><strong>Tout ce qu&rsquo;il faut pour\u00a0une vie simple<\/strong><\/h2>\n<p><img loading=\"lazy\" decoding=\"async\" class=\"alignnone size-medium wp-image-29\" src=\"http:\/\/cacahuete.nexgate.ch\/wp-content\/uploads\/2015\/11\/cacahuete_PT-300x167.jpg\" alt=\"cacahuete_PT\" width=\"300\" height=\"167\" srcset=\"https:\/\/www.lacacahuete.ch\/wp-content\/uploads\/2015\/11\/cacahuete_PT-300x167.jpg 300w, https:\/\/www.lacacahuete.ch\/wp-content\/uploads\/2015\/11\/cacahuete_PT.jpg 1024w\" sizes=\"(max-width: 300px) 100vw, 300px\" \/><\/p>\n<p><span style=\"color: #ff0000;\">Attention:<\/span>\u00a0La Cacahu\u00e8te est un chalet <strong>sans \u00e9lectricit\u00e9<\/strong> ni <strong>eau courante<\/strong>&#8230;<br \/>\nMais vous y trouverez tout le charme et le confort de nos a\u00efeux :<\/p>\n<ul>\n<li>une partie entr\u00e9e \/ cuisine avec:\n<ul>\n<li>1 cuisini\u00e8re \u00e0 bois (et fourneau pour chauffer le chalet)<\/li>\n<li>2 plaques de cuisson \u00e0 gaz<\/li>\n<li>1 \u00e9vier avec eau par syst\u00e8me de pompe (ou jerrycan)<\/li>\n<li>1 desserte avec ustensiles de cuisine<\/li>\n<\/ul>\n<\/li>\n<\/ul>\n<ul>\n<li>un salon avec:\n<ul>\n<li>3 lits superpos\u00e9s, couvertures et oreillers<\/li>\n<li>1 module de rangement<\/li>\n<li>1 table, 1 banc et 6\u00a0tabourets<\/li>\n<li>1 armoire avec vaisselle (dont r\u00e9chaud et fourchettes \u00e0 fondue) et lampes \u00e0 p\u00e9trole<\/li>\n<li>2 Jumbo Bags<\/li>\n<\/ul>\n<\/li>\n<\/ul>\n<ul>\n<li>une chambre avec:\n<ul>\n<li>2 x 3 lits superpos\u00e9s, couvertures et oreillers<\/li>\n<li>1 module de rangement<\/li>\n<\/ul>\n<\/li>\n<\/ul>\n<ul>\n<li>une toilette (sur fosse septique)<\/li>\n<\/ul>\n<ul>\n<li>Pr\u00e9voyez : <strong>sac de couchage<\/strong> (en hiver un bon sac de couchage !), <strong>lampe de poche<\/strong>, <span style=\"text-decoration: underline;\">pantoufles\/chaussons<\/span> (important le sol est TR\u00c8S froid), <span style=\"text-decoration: underline;\">allumettes<\/span>, <span style=\"text-decoration: underline;\">bougies<\/span>, quelques <strong>bouteilles d&rsquo;eau potable<\/strong> (vous pouvez aussi faire bouillir l&rsquo;eau de la citerne et faire du th\u00e9) et de quoi manger.<\/li>\n<\/ul>\n<h4><strong>La Cacahu\u00e8te rec\u00e8le m\u00eame une chambre secr\u00e8te qui vous donnera acc\u00e8s \u00e0 des transats, une table et des chaises de jardin (pour l&rsquo;\u00e9t\u00e9) !<\/strong><\/h4>\n","protected":false},"excerpt":{"rendered":"<p>Tout ce qu&rsquo;il faut pour\u00a0une vie simple Attention:\u00a0La Cacahu\u00e8te est un chalet sans \u00e9lectricit\u00e9 ni eau courante&#8230; Mais vous y trouverez tout le charme et le confort de nos a\u00efeux : une partie entr\u00e9e \/ cuisine avec: 1 cuisini\u00e8re \u00e0 &hellip; <a href=\"https:\/\/www.lacacahuete.ch\/index.php\/equipement\/\">Continuer la lecture <span class=\"meta-nav\">&rarr;<\/span><\/a><\/p>\n","protected":false},"author":1,"featured_media":0,"parent":0,"menu_order":2,"comment_status":"closed","ping_status":"closed","template":"onecolumn-page.php","meta":{"footnotes":""},"class_list":["post-7","page","type-page","status-publish","hentry"],"_links":{"self":[{"href":"https:\/\/www.lacacahuete.ch\/index.php\/wp-json\/wp\/v2\/pages\/7"}],"collection":[{"href":"https:\/\/www.lacacahuete.ch\/index.php\/wp-json\/wp\/v2\/pages"}],"about":[{"href":"https:\/\/www.lacacahuete.ch\/index.php\/wp-json\/wp\/v2\/types\/page"}],"author":[{"embeddable":true,"href":"https:\/\/www.lacacahuete.ch\/index.php\/wp-json\/wp\/v2\/users\/1"}],"replies":[{"embeddable":true,"href":"https:\/\/www.lacacahuete.ch\/index.php\/wp-json\/wp\/v2\/comments?post=7"}],"version-history":[{"count":25,"href":"https:\/\/www.lacacahuete.ch\/index.php\/wp-json\/wp\/v2\/pages\/7\/revisions"}],"predecessor-version":[{"id":305,"href":"https:\/\/www.lacacahuete.ch\/index.php\/wp-json\/wp\/v2\/pages\/7\/revisions\/305"}],"wp:attachment":[{"href":"https:\/\/www.lacacahuete.ch\/index.php\/wp-json\/wp\/v2\/media?parent=7"}],"curies":[{"name":"wp","href":"https:\/\/api.w.org\/{rel}","templated":true}]}}