{"id":5,"date":"2015-11-06T21:33:06","date_gmt":"2015-11-06T20:33:06","guid":{"rendered":"http:\/\/cacahuete.nexgate.ch\/?page_id=5"},"modified":"2025-04-14T15:53:47","modified_gmt":"2025-04-14T14:53:47","slug":"le-chalet","status":"publish","type":"page","link":"https:\/\/www.lacacahuete.ch\/","title":{"rendered":"Le chalet"},"content":{"rendered":"<h2><strong>On m\u2019appelle Cacahu\u00e8te<\/strong><\/h2>\n<p>La Cacahu\u00e8te est un sympathique <strong>petit\u00a0<\/strong>chalet de 30 m2, proche de la nature, \u00e0 louer par tout un chacun pour une soir\u00e9e ou un week-end.<\/p>\n<p style=\"text-align: center;\"><span style=\"color: #339966;\">Nos matelas ont \u00e9t\u00e9 chang\u00e9s et le chalet a \u00e9t\u00e9 compl\u00e8tement r\u00e9nov\u00e9 en \u00e9t\u00e9 2021 par le clan scout Mintaka. En 2024, le groupe scout Nouveau Monde nous a construit un emplacement pour y planter une grande tente (ou deux petites). Un \u00c9NORME merci !<\/span><\/p>\n<p>Eau fra\u00eeche de la citerne, lumi\u00e8re romantique des lampes \u00e0 p\u00e9trole et des bougies, 9 lits superpos\u00e9s, une toilette, chauffage au feu de bois et terrasse ensoleill\u00e9e, la Cacahu\u00e8te saura vous s\u00e9duire par son c\u00f4t\u00e9 terroir et authentique.<\/p>\n<p>Le chalet est situ\u00e9 \u00e0 Saint-Cergue (VD), \u00e0 une altitude de 1070 m\u00e8tres, au-dessus de Nyon (Canton de Vaud, Suisse) soit \u00e0 environ 40 minutes de Gen\u00e8ve ou Lausanne. Le chalet est \u00e9galement facilement accessible en train depuis la gare de Nyon avec le train Nyon-St-Cergue-La Cure-Morez (NStCM) arr\u00eat \u00ab\u00a0Gare de Saint-Cergue\u00a0\u00bb puis 5 minutes \u00e0 pied en direction d&rsquo;Arzier. Horaire sur le site <a href=\"http:\/\/www.nstcm.ch\"><cite class=\"_Rm\">www.nstcm.ch<\/cite><\/a><\/p>\n<p>Capacit\u00e9 maximale du chalet : 9\/10 personnes (9 lits + 1 canap\u00e9s).<br \/>\nExt\u00e9rieur : une grande tente Spatz patrouille.<\/p>\n<h3 style=\"text-align: center;\"><a href=\"https:\/\/www.lacacahuete.ch\/wp-content\/uploads\/2025\/04\/La-Cacahuete_Livre-dOr-II_Le-Chalet-Carougeois.pdf\" target=\"_blank\" rel=\"noopener\">Consultez le Livre d&rsquo;Or de la Cacahu\u00e8te !<\/a><\/h3>\n<p style=\"text-align: center;\"><a href=\"https:\/\/www.facebook.com\/groups\/93094266774\/\" target=\"_blank\" rel=\"noopener noreferrer\">Suivez-nous sur Facebook (abonnez-vous)<\/a><\/p>\n<div id='gallery-1' class='gallery galleryid-5 gallery-columns-3 gallery-size-thumbnail'><dl class='gallery-item'>\n\t\t\t<dt class='gallery-icon landscape'>\n\t\t\t\t<a href='https:\/\/www.lacacahuete.ch\/wp-content\/uploads\/2022\/06\/2021.07.31-08-374-scaled.jpg'><img loading=\"lazy\" decoding=\"async\" width=\"150\" height=\"150\" src=\"https:\/\/www.lacacahuete.ch\/wp-content\/uploads\/2022\/06\/2021.07.31-08-374-150x150.jpg\" class=\"attachment-thumbnail size-thumbnail\" alt=\"\" \/><\/a>\n\t\t\t<\/dt><\/dl><dl class='gallery-item'>\n\t\t\t<dt class='gallery-icon landscape'>\n\t\t\t\t<a href='https:\/\/www.lacacahuete.ch\/wp-content\/uploads\/2022\/06\/2021.07.31-08-373-scaled.jpg'><img loading=\"lazy\" decoding=\"async\" width=\"150\" height=\"150\" src=\"https:\/\/www.lacacahuete.ch\/wp-content\/uploads\/2022\/06\/2021.07.31-08-373-150x150.jpg\" class=\"attachment-thumbnail size-thumbnail\" alt=\"\" \/><\/a>\n\t\t\t<\/dt><\/dl><dl class='gallery-item'>\n\t\t\t<dt class='gallery-icon landscape'>\n\t\t\t\t<a href='https:\/\/www.lacacahuete.ch\/wp-content\/uploads\/2022\/06\/2021.07.31-08-368-scaled.jpg'><img loading=\"lazy\" decoding=\"async\" width=\"150\" height=\"150\" src=\"https:\/\/www.lacacahuete.ch\/wp-content\/uploads\/2022\/06\/2021.07.31-08-368-150x150.jpg\" class=\"attachment-thumbnail size-thumbnail\" alt=\"\" \/><\/a>\n\t\t\t<\/dt><\/dl><br style=\"clear: both\" \/><dl class='gallery-item'>\n\t\t\t<dt class='gallery-icon landscape'>\n\t\t\t\t<a href='https:\/\/www.lacacahuete.ch\/wp-content\/uploads\/2022\/06\/2021.07.31-08-371-scaled.jpg'><img loading=\"lazy\" decoding=\"async\" width=\"150\" height=\"150\" src=\"https:\/\/www.lacacahuete.ch\/wp-content\/uploads\/2022\/06\/2021.07.31-08-371-150x150.jpg\" class=\"attachment-thumbnail size-thumbnail\" alt=\"\" \/><\/a>\n\t\t\t<\/dt><\/dl><dl class='gallery-item'>\n\t\t\t<dt class='gallery-icon landscape'>\n\t\t\t\t<a href='https:\/\/www.lacacahuete.ch\/wp-content\/uploads\/2022\/06\/2021.07.31-08-367-scaled.jpg'><img loading=\"lazy\" decoding=\"async\" width=\"150\" height=\"150\" src=\"https:\/\/www.lacacahuete.ch\/wp-content\/uploads\/2022\/06\/2021.07.31-08-367-150x150.jpg\" class=\"attachment-thumbnail size-thumbnail\" alt=\"\" \/><\/a>\n\t\t\t<\/dt><\/dl><dl class='gallery-item'>\n\t\t\t<dt class='gallery-icon landscape'>\n\t\t\t\t<a href='https:\/\/www.lacacahuete.ch\/wp-content\/uploads\/2022\/06\/2021.07.31-08-366-scaled.jpg'><img loading=\"lazy\" decoding=\"async\" width=\"150\" height=\"150\" src=\"https:\/\/www.lacacahuete.ch\/wp-content\/uploads\/2022\/06\/2021.07.31-08-366-150x150.jpg\" class=\"attachment-thumbnail size-thumbnail\" alt=\"\" \/><\/a>\n\t\t\t<\/dt><\/dl><br style=\"clear: both\" \/><dl class='gallery-item'>\n\t\t\t<dt class='gallery-icon landscape'>\n\t\t\t\t<a href='https:\/\/www.lacacahuete.ch\/wp-content\/uploads\/2022\/06\/2021.07.31-08-360-scaled.jpg'><img loading=\"lazy\" decoding=\"async\" width=\"150\" height=\"150\" src=\"https:\/\/www.lacacahuete.ch\/wp-content\/uploads\/2022\/06\/2021.07.31-08-360-150x150.jpg\" class=\"attachment-thumbnail size-thumbnail\" alt=\"\" \/><\/a>\n\t\t\t<\/dt><\/dl><dl class='gallery-item'>\n\t\t\t<dt class='gallery-icon portrait'>\n\t\t\t\t<a href='https:\/\/www.lacacahuete.ch\/wp-content\/uploads\/2022\/06\/2021.07.31-08-359-scaled.jpg'><img loading=\"lazy\" decoding=\"async\" width=\"150\" height=\"150\" src=\"https:\/\/www.lacacahuete.ch\/wp-content\/uploads\/2022\/06\/2021.07.31-08-359-150x150.jpg\" class=\"attachment-thumbnail size-thumbnail\" alt=\"\" \/><\/a>\n\t\t\t<\/dt><\/dl><dl class='gallery-item'>\n\t\t\t<dt class='gallery-icon portrait'>\n\t\t\t\t<a href='https:\/\/www.lacacahuete.ch\/wp-content\/uploads\/2022\/06\/2021.07.31-08-358-scaled.jpg'><img loading=\"lazy\" decoding=\"async\" width=\"150\" height=\"150\" src=\"https:\/\/www.lacacahuete.ch\/wp-content\/uploads\/2022\/06\/2021.07.31-08-358-150x150.jpg\" class=\"attachment-thumbnail size-thumbnail\" alt=\"\" \/><\/a>\n\t\t\t<\/dt><\/dl><br style=\"clear: both\" \/><dl class='gallery-item'>\n\t\t\t<dt class='gallery-icon portrait'>\n\t\t\t\t<a href='https:\/\/www.lacacahuete.ch\/wp-content\/uploads\/2022\/06\/2021.07.31-08-357-scaled.jpg'><img loading=\"lazy\" decoding=\"async\" width=\"150\" height=\"150\" src=\"https:\/\/www.lacacahuete.ch\/wp-content\/uploads\/2022\/06\/2021.07.31-08-357-150x150.jpg\" class=\"attachment-thumbnail size-thumbnail\" alt=\"\" \/><\/a>\n\t\t\t<\/dt><\/dl><dl class='gallery-item'>\n\t\t\t<dt class='gallery-icon portrait'>\n\t\t\t\t<a href='https:\/\/www.lacacahuete.ch\/wp-content\/uploads\/2022\/06\/2021.07.31-08-354-scaled.jpg'><img loading=\"lazy\" decoding=\"async\" width=\"150\" height=\"150\" src=\"https:\/\/www.lacacahuete.ch\/wp-content\/uploads\/2022\/06\/2021.07.31-08-354-150x150.jpg\" class=\"attachment-thumbnail size-thumbnail\" alt=\"\" \/><\/a>\n\t\t\t<\/dt><\/dl><dl class='gallery-item'>\n\t\t\t<dt class='gallery-icon portrait'>\n\t\t\t\t<a href='https:\/\/www.lacacahuete.ch\/wp-content\/uploads\/2022\/06\/2021.07.31-08-353-scaled.jpg'><img loading=\"lazy\" decoding=\"async\" width=\"150\" height=\"150\" src=\"https:\/\/www.lacacahuete.ch\/wp-content\/uploads\/2022\/06\/2021.07.31-08-353-150x150.jpg\" class=\"attachment-thumbnail size-thumbnail\" alt=\"\" \/><\/a>\n\t\t\t<\/dt><\/dl><br style=\"clear: both\" \/><dl class='gallery-item'>\n\t\t\t<dt class='gallery-icon portrait'>\n\t\t\t\t<a href='https:\/\/www.lacacahuete.ch\/wp-content\/uploads\/2022\/06\/2021.07.31-08-352-scaled.jpg'><img loading=\"lazy\" decoding=\"async\" width=\"150\" height=\"150\" src=\"https:\/\/www.lacacahuete.ch\/wp-content\/uploads\/2022\/06\/2021.07.31-08-352-150x150.jpg\" class=\"attachment-thumbnail size-thumbnail\" alt=\"\" \/><\/a>\n\t\t\t<\/dt><\/dl><dl class='gallery-item'>\n\t\t\t<dt class='gallery-icon portrait'>\n\t\t\t\t<a href='https:\/\/www.lacacahuete.ch\/wp-content\/uploads\/2022\/06\/2021.07.31-08-351-scaled.jpg'><img loading=\"lazy\" decoding=\"async\" width=\"150\" height=\"150\" src=\"https:\/\/www.lacacahuete.ch\/wp-content\/uploads\/2022\/06\/2021.07.31-08-351-150x150.jpg\" class=\"attachment-thumbnail size-thumbnail\" alt=\"\" \/><\/a>\n\t\t\t<\/dt><\/dl><dl class='gallery-item'>\n\t\t\t<dt class='gallery-icon landscape'>\n\t\t\t\t<a href='https:\/\/www.lacacahuete.ch\/wp-content\/uploads\/2022\/06\/2021.07.31-08-350-scaled.jpg'><img loading=\"lazy\" decoding=\"async\" width=\"150\" height=\"150\" src=\"https:\/\/www.lacacahuete.ch\/wp-content\/uploads\/2022\/06\/2021.07.31-08-350-150x150.jpg\" class=\"attachment-thumbnail size-thumbnail\" alt=\"\" \/><\/a>\n\t\t\t<\/dt><\/dl><br style=\"clear: both\" \/><dl class='gallery-item'>\n\t\t\t<dt class='gallery-icon landscape'>\n\t\t\t\t<a href='https:\/\/www.lacacahuete.ch\/wp-content\/uploads\/2022\/06\/2021.07.31-08-349-scaled.jpg'><img loading=\"lazy\" decoding=\"async\" width=\"150\" height=\"150\" src=\"https:\/\/www.lacacahuete.ch\/wp-content\/uploads\/2022\/06\/2021.07.31-08-349-150x150.jpg\" class=\"attachment-thumbnail size-thumbnail\" alt=\"\" \/><\/a>\n\t\t\t<\/dt><\/dl><dl class='gallery-item'>\n\t\t\t<dt class='gallery-icon portrait'>\n\t\t\t\t<a href='https:\/\/www.lacacahuete.ch\/wp-content\/uploads\/2022\/06\/2021.07.31-08-347-scaled.jpg'><img loading=\"lazy\" decoding=\"async\" width=\"150\" height=\"150\" src=\"https:\/\/www.lacacahuete.ch\/wp-content\/uploads\/2022\/06\/2021.07.31-08-347-150x150.jpg\" class=\"attachment-thumbnail size-thumbnail\" alt=\"\" \/><\/a>\n\t\t\t<\/dt><\/dl><dl class='gallery-item'>\n\t\t\t<dt class='gallery-icon portrait'>\n\t\t\t\t<a href='https:\/\/www.lacacahuete.ch\/wp-content\/uploads\/2022\/06\/2021.07.31-08-346-scaled.jpg'><img loading=\"lazy\" decoding=\"async\" width=\"150\" height=\"150\" src=\"https:\/\/www.lacacahuete.ch\/wp-content\/uploads\/2022\/06\/2021.07.31-08-346-150x150.jpg\" class=\"attachment-thumbnail size-thumbnail\" alt=\"\" \/><\/a>\n\t\t\t<\/dt><\/dl><br style=\"clear: both\" \/><dl class='gallery-item'>\n\t\t\t<dt class='gallery-icon portrait'>\n\t\t\t\t<a href='https:\/\/www.lacacahuete.ch\/wp-content\/uploads\/2021\/03\/IMG_8694.jpg'><img loading=\"lazy\" decoding=\"async\" width=\"150\" height=\"150\" src=\"https:\/\/www.lacacahuete.ch\/wp-content\/uploads\/2021\/03\/IMG_8694-150x150.jpg\" class=\"attachment-thumbnail size-thumbnail\" alt=\"\" \/><\/a>\n\t\t\t<\/dt><\/dl><dl class='gallery-item'>\n\t\t\t<dt class='gallery-icon portrait'>\n\t\t\t\t<a href='https:\/\/www.lacacahuete.ch\/wp-content\/uploads\/2021\/03\/IMG_8695.jpg'><img loading=\"lazy\" decoding=\"async\" width=\"150\" height=\"150\" src=\"https:\/\/www.lacacahuete.ch\/wp-content\/uploads\/2021\/03\/IMG_8695-150x150.jpg\" class=\"attachment-thumbnail size-thumbnail\" alt=\"\" \/><\/a>\n\t\t\t<\/dt><\/dl><dl class='gallery-item'>\n\t\t\t<dt class='gallery-icon landscape'>\n\t\t\t\t<a href='https:\/\/www.lacacahuete.ch\/wp-content\/uploads\/2015\/11\/chalet2.jpg'><img loading=\"lazy\" decoding=\"async\" width=\"150\" height=\"150\" src=\"https:\/\/www.lacacahuete.ch\/wp-content\/uploads\/2015\/11\/chalet2-150x150.jpg\" class=\"attachment-thumbnail size-thumbnail\" alt=\"\" \/><\/a>\n\t\t\t<\/dt><\/dl><br style=\"clear: both\" \/><dl class='gallery-item'>\n\t\t\t<dt class='gallery-icon landscape'>\n\t\t\t\t<a href='https:\/\/www.lacacahuete.ch\/wp-content\/uploads\/2015\/11\/We-de-travail-avril08-008.jpg'><img loading=\"lazy\" decoding=\"async\" width=\"150\" height=\"150\" src=\"https:\/\/www.lacacahuete.ch\/wp-content\/uploads\/2015\/11\/We-de-travail-avril08-008-150x150.jpg\" class=\"attachment-thumbnail size-thumbnail\" alt=\"\" \/><\/a>\n\t\t\t<\/dt><\/dl><dl class='gallery-item'>\n\t\t\t<dt class='gallery-icon landscape'>\n\t\t\t\t<a href='https:\/\/www.lacacahuete.ch\/wp-content\/uploads\/2022\/06\/2021.07.31-08-361-scaled.jpg'><img loading=\"lazy\" decoding=\"async\" width=\"150\" height=\"150\" src=\"https:\/\/www.lacacahuete.ch\/wp-content\/uploads\/2022\/06\/2021.07.31-08-361-150x150.jpg\" class=\"attachment-thumbnail size-thumbnail\" alt=\"\" \/><\/a>\n\t\t\t<\/dt><\/dl><dl class='gallery-item'>\n\t\t\t<dt class='gallery-icon landscape'>\n\t\t\t\t<a href='https:\/\/www.lacacahuete.ch\/wp-content\/uploads\/2022\/06\/2021.07.31-08-365-scaled.jpg'><img loading=\"lazy\" decoding=\"async\" width=\"150\" height=\"150\" src=\"https:\/\/www.lacacahuete.ch\/wp-content\/uploads\/2022\/06\/2021.07.31-08-365-150x150.jpg\" class=\"attachment-thumbnail size-thumbnail\" alt=\"\" \/><\/a>\n\t\t\t<\/dt><\/dl><br style=\"clear: both\" \/><dl class='gallery-item'>\n\t\t\t<dt class='gallery-icon portrait'>\n\t\t\t\t<a href='https:\/\/www.lacacahuete.ch\/wp-content\/uploads\/2021\/02\/IMG_8032.jpg'><img loading=\"lazy\" decoding=\"async\" width=\"150\" height=\"150\" src=\"https:\/\/www.lacacahuete.ch\/wp-content\/uploads\/2021\/02\/IMG_8032-150x150.jpg\" class=\"attachment-thumbnail size-thumbnail\" alt=\"\" \/><\/a>\n\t\t\t<\/dt><\/dl><dl class='gallery-item'>\n\t\t\t<dt class='gallery-icon portrait'>\n\t\t\t\t<a href='https:\/\/www.lacacahuete.ch\/wp-content\/uploads\/2021\/02\/IMG_7329.jpg'><img loading=\"lazy\" decoding=\"async\" width=\"150\" height=\"150\" src=\"https:\/\/www.lacacahuete.ch\/wp-content\/uploads\/2021\/02\/IMG_7329-150x150.jpg\" class=\"attachment-thumbnail size-thumbnail\" alt=\"\" \/><\/a>\n\t\t\t<\/dt><\/dl><dl class='gallery-item'>\n\t\t\t<dt class='gallery-icon portrait'>\n\t\t\t\t<a href='https:\/\/www.lacacahuete.ch\/wp-content\/uploads\/2015\/11\/We-de-travail-avril08-034.jpg'><img loading=\"lazy\" decoding=\"async\" width=\"150\" height=\"150\" src=\"https:\/\/www.lacacahuete.ch\/wp-content\/uploads\/2015\/11\/We-de-travail-avril08-034-150x150.jpg\" class=\"attachment-thumbnail size-thumbnail\" alt=\"\" \/><\/a>\n\t\t\t<\/dt><\/dl><br style=\"clear: both\" \/><dl class='gallery-item'>\n\t\t\t<dt class='gallery-icon portrait'>\n\t\t\t\t<a href='https:\/\/www.lacacahuete.ch\/wp-content\/uploads\/2021\/02\/IMG_8028.jpg'><img loading=\"lazy\" decoding=\"async\" width=\"150\" height=\"150\" src=\"https:\/\/www.lacacahuete.ch\/wp-content\/uploads\/2021\/02\/IMG_8028-150x150.jpg\" class=\"attachment-thumbnail size-thumbnail\" alt=\"\" \/><\/a>\n\t\t\t<\/dt><\/dl><dl class='gallery-item'>\n\t\t\t<dt class='gallery-icon portrait'>\n\t\t\t\t<a href='https:\/\/www.lacacahuete.ch\/wp-content\/uploads\/2021\/02\/IMG_7328.jpg'><img loading=\"lazy\" decoding=\"async\" width=\"150\" height=\"150\" src=\"https:\/\/www.lacacahuete.ch\/wp-content\/uploads\/2021\/02\/IMG_7328-150x150.jpg\" class=\"attachment-thumbnail size-thumbnail\" alt=\"\" \/><\/a>\n\t\t\t<\/dt><\/dl><dl class='gallery-item'>\n\t\t\t<dt class='gallery-icon landscape'>\n\t\t\t\t<a href='https:\/\/www.lacacahuete.ch\/wp-content\/uploads\/2021\/02\/IMG_7300.jpg'><img loading=\"lazy\" decoding=\"async\" width=\"150\" height=\"150\" src=\"https:\/\/www.lacacahuete.ch\/wp-content\/uploads\/2021\/02\/IMG_7300-150x150.jpg\" class=\"attachment-thumbnail size-thumbnail\" alt=\"\" \/><\/a>\n\t\t\t<\/dt><\/dl><br style=\"clear: both\" \/>\n\t\t<\/div>\n\n<p><strong>Emplacement<\/strong> : <a href=\"https:\/\/www.google.com\/maps\/d\/edit?mid=zb4aKQIJttDs.kHoEtgvU9_18\">Cliquez ici pour voir l&#8217;emplacement exact<\/a><\/p>\n<p><iframe loading=\"lazy\" style=\"border: 0;\" src=\"https:\/\/www.google.com\/maps\/embed?pb=!1m14!1m12!1m3!1d825.8898510347778!2d6.167086919007486!3d46.452848161718634!2m3!1f0!2f0!3f0!3m2!1i1024!2i768!4f13.1!5e1!3m2!1sfr!2sch!4v1447619769891\" width=\"600\" height=\"450\" frameborder=\"0\" allowfullscreen=\"allowfullscreen\"><\/iframe><\/p>\n","protected":false},"excerpt":{"rendered":"<p>On m\u2019appelle Cacahu\u00e8te La Cacahu\u00e8te est un sympathique petit\u00a0chalet de 30 m2, proche de la nature, \u00e0 louer par tout un chacun pour une soir\u00e9e ou un week-end. Nos matelas ont \u00e9t\u00e9 chang\u00e9s et le chalet a \u00e9t\u00e9 compl\u00e8tement r\u00e9nov\u00e9 &hellip; <a href=\"https:\/\/www.lacacahuete.ch\/\">Continuer la lecture <span class=\"meta-nav\">&rarr;<\/span><\/a><\/p>\n","protected":false},"author":1,"featured_media":0,"parent":0,"menu_order":1,"comment_status":"closed","ping_status":"closed","template":"onecolumn-page.php","meta":{"footnotes":""},"class_list":["post-5","page","type-page","status-publish","hentry"],"_links":{"self":[{"href":"https:\/\/www.lacacahuete.ch\/index.php\/wp-json\/wp\/v2\/pages\/5"}],"collection":[{"href":"https:\/\/www.lacacahuete.ch\/index.php\/wp-json\/wp\/v2\/pages"}],"about":[{"href":"https:\/\/www.lacacahuete.ch\/index.php\/wp-json\/wp\/v2\/types\/page"}],"author":[{"embeddable":true,"href":"https:\/\/www.lacacahuete.ch\/index.php\/wp-json\/wp\/v2\/users\/1"}],"replies":[{"embeddable":true,"href":"https:\/\/www.lacacahuete.ch\/index.php\/wp-json\/wp\/v2\/comments?post=5"}],"version-history":[{"count":51,"href":"https:\/\/www.lacacahuete.ch\/index.php\/wp-json\/wp\/v2\/pages\/5\/revisions"}],"predecessor-version":[{"id":420,"href":"https:\/\/www.lacacahuete.ch\/index.php\/wp-json\/wp\/v2\/pages\/5\/revisions\/420"}],"wp:attachment":[{"href":"https:\/\/www.lacacahuete.ch\/index.php\/wp-json\/wp\/v2\/media?parent=5"}],"curies":[{"name":"wp","href":"https:\/\/api.w.org\/{rel}","templated":true}]}}