{"id":312,"date":"2023-05-01T16:41:48","date_gmt":"2023-05-01T15:41:48","guid":{"rendered":"https:\/\/cacahuete.nexgate.ch\/?page_id=312"},"modified":"2024-08-08T19:36:24","modified_gmt":"2024-08-08T18:36:24","slug":"paiement-locations-dons","status":"publish","type":"page","link":"https:\/\/www.lacacahuete.ch\/index.php\/paiement-locations-dons\/","title":{"rendered":"Paiement &#038; Dons"},"content":{"rendered":"\n<p>Pour proc\u00e9der au paiement des locations vous pouvez utiliser le fichier PDF suivant qui contient les indications pour effectuer votre paiement.<\/p>\n\n\n\n<div class=\"wp-block-buttons is-layout-flex wp-block-buttons-is-layout-flex\">\n<div class=\"wp-block-button has-custom-width wp-block-button__width-50 is-style-outline is-style-outline--19d7175f64087a1be4fc67a05cbb8931\"><a class=\"wp-block-button__link wp-element-button\" href=\"https:\/\/www.lacacahuete.ch\/wp-content\/uploads\/2024\/08\/twint_cacahuete.pdf\">TWINT<\/a><\/div>\n\n\n\n<div class=\"wp-block-button is-style-outline is-style-outline--60ef909d6e05ba7f932aaf0e75e44620\"><a class=\"wp-block-button__link wp-element-button\" href=\"https:\/\/cacahuete.nexgate.ch\/wp-content\/uploads\/2023\/05\/Facture_QR_cacahuete.pdf\">QR-Code E-banking<\/a><\/div>\n<\/div>\n\n\n\n<p><\/p>\n\n\n\n<p>Vous pouvez \u00e9galement scanner directement le QR-Code ci dessous avec votre application bancaire suisse.<\/p>\n\n\n\n<figure class=\"wp-block-image size-large is-resized\"><a href=\"https:\/\/cacahuete.nexgate.ch\/wp-content\/uploads\/2023\/05\/QR-Code_cacahuete.png\"><img decoding=\"async\" src=\"https:\/\/cacahuete.nexgate.ch\/wp-content\/uploads\/2023\/05\/QR-Code_cacahuete-1024x523.png\" alt=\"\" class=\"wp-image-319\"\/><\/a><figcaption class=\"wp-element-caption\">Cliquer sur l&rsquo;image pour l&rsquo;agrandire<\/figcaption><\/figure>\n\n\n\n<p><strong>Coordonn\u00e9es bancaires compl\u00e8tes :<\/strong><\/p>\n\n\n\n<figure class=\"wp-block-table\"><table><tbody><tr><td><strong>IBAN :<\/strong> CH07 0900 0000 1772 4414 3<br><br><strong>CCP :<\/strong>&nbsp;17-724414-3<br><br><strong>BIC (SWIFT)<\/strong> <strong>:<\/strong> POFICHBEXXX<br><br><strong>Adresse :<\/strong><br>PostFinance AG<br>Mingerstrasse 20<br>3030 Bern<br>Suisse<\/td><\/tr><\/tbody><\/table><\/figure>\n\n\n\n<p><\/p>\n","protected":false},"excerpt":{"rendered":"<p>Pour proc\u00e9der au paiement des locations vous pouvez utiliser le fichier PDF suivant qui contient les indications pour effectuer votre paiement. Vous pouvez \u00e9galement scanner directement le QR-Code ci dessous avec votre application bancaire suisse. Coordonn\u00e9es bancaires compl\u00e8tes : IBAN &hellip; <a href=\"https:\/\/www.lacacahuete.ch\/index.php\/paiement-locations-dons\/\">Continuer la lecture <span class=\"meta-nav\">&rarr;<\/span><\/a><\/p>\n","protected":false},"author":1,"featured_media":0,"parent":0,"menu_order":5,"comment_status":"closed","ping_status":"closed","template":"onecolumn-page.php","meta":{"footnotes":""},"class_list":["post-312","page","type-page","status-publish","hentry"],"_links":{"self":[{"href":"https:\/\/www.lacacahuete.ch\/index.php\/wp-json\/wp\/v2\/pages\/312"}],"collection":[{"href":"https:\/\/www.lacacahuete.ch\/index.php\/wp-json\/wp\/v2\/pages"}],"about":[{"href":"https:\/\/www.lacacahuete.ch\/index.php\/wp-json\/wp\/v2\/types\/page"}],"author":[{"embeddable":true,"href":"https:\/\/www.lacacahuete.ch\/index.php\/wp-json\/wp\/v2\/users\/1"}],"replies":[{"embeddable":true,"href":"https:\/\/www.lacacahuete.ch\/index.php\/wp-json\/wp\/v2\/comments?post=312"}],"version-history":[{"count":19,"href":"https:\/\/www.lacacahuete.ch\/index.php\/wp-json\/wp\/v2\/pages\/312\/revisions"}],"predecessor-version":[{"id":410,"href":"https:\/\/www.lacacahuete.ch\/index.php\/wp-json\/wp\/v2\/pages\/312\/revisions\/410"}],"wp:attachment":[{"href":"https:\/\/www.lacacahuete.ch\/index.php\/wp-json\/wp\/v2\/media?parent=312"}],"curies":[{"name":"wp","href":"https:\/\/api.w.org\/{rel}","templated":true}]}}