{"id":260,"date":"2022-06-20T10:02:54","date_gmt":"2022-06-20T09:02:54","guid":{"rendered":"https:\/\/cacahuete.nexgate.ch\/?page_id=260"},"modified":"2022-06-20T11:04:34","modified_gmt":"2022-06-20T10:04:34","slug":"tutoriels-video","status":"publish","type":"page","link":"https:\/\/www.lacacahuete.ch\/index.php\/tutoriels-video\/","title":{"rendered":"Tutoriels vid\u00e9os"},"content":{"rendered":"\n<p>On a perdu l&rsquo;habitude d&rsquo;utiliser <strong>ces \u00e9quipements qui fonctionnent sans \u00e9lectricit\u00e9.<\/strong> Pour vous aider et pour ne pas faire de mauvaises manipulations, vous trouverez ci-dessous des rapides vid\u00e9os qui vous expliquent comment utiliser correctement les \u00e9quipements du chalet.<\/p>\n\n\n\n<p class=\"has-text-align-center\">*<\/p>\n\n\n\n<h2 class=\"wp-block-heading\">En hiver<\/h2>\n\n\n\n<p>Pour utiliser le fourneau (eau chaude, cuisiner et chauffage en hiver)<\/p>\n\n\n\n<p class=\"has-text-color\" style=\"color:#a3001f\">Attention \u00e0 toujours bien remplir d&rsquo;eau le r\u00e9servoir rectangulaire \u00e0 gauche du fourneau.<br>Important, faire du feu uniquement dans le petit compartiment en haut \u00e0 droite. Les autres compartiments sont le four (haut gauche) ou la chambre de s\u00e9chage du bois (bas gauche).<\/p>\n\n\n<p><iframe loading=\"lazy\" width=\"560\" height=\"315\" src=\"https:\/\/www.youtube.com\/embed\/8MsjYGFLx_s?controls=0\" title=\"YouTube video player\" frameborder=\"0\" allow=\"accelerometer; autoplay; clipboard-write; encrypted-media; gyroscope; picture-in-picture\" allowfullscreen=\"\"><\/iframe><\/p>\n\n\n\n<p class=\"has-text-align-center\">*<\/p>\n\n\n\n<p>Avoir de l&rsquo;eau en hiver<\/p>\n\n\n\n<p class=\"has-text-color\" style=\"color:#a3001f\">La citerne est notre r\u00e9serve d&rsquo;eau (quasi) potable, ne jamais rien jeter ou nettoyer dans la citerne. Toujours pr\u00e9lever de l&rsquo;eau avec un jerrycan ou un seau.<\/p>\n\n\n\n<p class=\"has-text-color\" style=\"color:#48a000\">L&rsquo;est de la citerne est parfaitement potable \u00e0 condition de la faire bouillire avant de la boire (faire du th\u00e9 par exemple).<\/p>\n\n\n<p><iframe loading=\"lazy\" width=\"560\" height=\"315\" src=\"https:\/\/www.youtube.com\/embed\/QYWrf-8D26s?controls=0\" title=\"YouTube video player\" frameborder=\"0\" allow=\"accelerometer; autoplay; clipboard-write; encrypted-media; gyroscope; picture-in-picture\" allowfullscreen=\"\"><\/iframe><\/p>\n\n\n\n<p class=\"has-text-align-center\">*<\/p>\n\n\n\n<h2 class=\"wp-block-heading\">En \u00e9t\u00e9<\/h2>\n\n\n\n<p>Pour utiliser les plaques \u00e0 gaz<\/p>\n\n\n<p><iframe loading=\"lazy\" width=\"560\" height=\"315\" src=\"https:\/\/www.youtube.com\/embed\/hbu-T2vSHeU?controls=0\" title=\"YouTube video player\" frameborder=\"0\" allow=\"accelerometer; autoplay; clipboard-write; encrypted-media; gyroscope; picture-in-picture\" allowfullscreen=\"\"><\/iframe><\/p>\n\n\n\n<p class=\"has-text-align-center\">*<\/p>\n\n\n\n<p>Avoir de l&rsquo;eau courante en \u00e9t\u00e9<\/p>\n\n\n<p><iframe loading=\"lazy\" width=\"560\" height=\"315\" src=\"https:\/\/www.youtube.com\/embed\/IuzGQfLntzQ?controls=0\" title=\"YouTube video player\" frameborder=\"0\" allow=\"accelerometer; autoplay; clipboard-write; encrypted-media; gyroscope; picture-in-picture\" allowfullscreen=\"\"><\/iframe><\/p>\n","protected":false},"excerpt":{"rendered":"<p>On a perdu l&rsquo;habitude d&rsquo;utiliser ces \u00e9quipements qui fonctionnent sans \u00e9lectricit\u00e9. Pour vous aider et pour ne pas faire de mauvaises manipulations, vous trouverez ci-dessous des rapides vid\u00e9os qui vous expliquent comment utiliser correctement les \u00e9quipements du chalet. * En &hellip; <a href=\"https:\/\/www.lacacahuete.ch\/index.php\/tutoriels-video\/\">Continuer la lecture <span class=\"meta-nav\">&rarr;<\/span><\/a><\/p>\n","protected":false},"author":1,"featured_media":0,"parent":0,"menu_order":2,"comment_status":"closed","ping_status":"closed","template":"","meta":{"footnotes":""},"class_list":["post-260","page","type-page","status-publish","hentry"],"_links":{"self":[{"href":"https:\/\/www.lacacahuete.ch\/index.php\/wp-json\/wp\/v2\/pages\/260"}],"collection":[{"href":"https:\/\/www.lacacahuete.ch\/index.php\/wp-json\/wp\/v2\/pages"}],"about":[{"href":"https:\/\/www.lacacahuete.ch\/index.php\/wp-json\/wp\/v2\/types\/page"}],"author":[{"embeddable":true,"href":"https:\/\/www.lacacahuete.ch\/index.php\/wp-json\/wp\/v2\/users\/1"}],"replies":[{"embeddable":true,"href":"https:\/\/www.lacacahuete.ch\/index.php\/wp-json\/wp\/v2\/comments?post=260"}],"version-history":[{"count":10,"href":"https:\/\/www.lacacahuete.ch\/index.php\/wp-json\/wp\/v2\/pages\/260\/revisions"}],"predecessor-version":[{"id":275,"href":"https:\/\/www.lacacahuete.ch\/index.php\/wp-json\/wp\/v2\/pages\/260\/revisions\/275"}],"wp:attachment":[{"href":"https:\/\/www.lacacahuete.ch\/index.php\/wp-json\/wp\/v2\/media?parent=260"}],"curies":[{"name":"wp","href":"https:\/\/api.w.org\/{rel}","templated":true}]}}